{"id":133,"date":"2023-10-22T20:58:56","date_gmt":"2023-10-22T18:58:56","guid":{"rendered":"https:\/\/sophie-pondjiclis.com\/?page_id=133"},"modified":"2023-10-22T21:24:21","modified_gmt":"2023-10-22T19:24:21","slug":"repertoire","status":"publish","type":"page","link":"https:\/\/sophie-pondjiclis.com\/index.php\/repertoire\/","title":{"rendered":"Repertoire"},"content":{"rendered":"\n<figure class=\"wp-block-table is-style-stripes\"><table class=\"has-fixed-layout\"><thead><tr><th>Composer &amp; Work<\/th><th>Role <\/th><\/tr><\/thead><tbody><tr><td><strong>Bellini<\/strong><\/td><td><\/td><\/tr><tr><td>The Puritans<br>Norma <\/td><td>Enrichetta di Francia<br>Clotilde <\/td><\/tr><tr><td><strong>Bizet <\/strong><\/td><td><\/td><\/tr><tr><td>Carmen <br><\/td><td>Merc\u00e9d\u00e8s<br>Carmen <\/td><\/tr><tr><td><strong>Boesmans<\/strong><\/td><td><\/td><\/tr><tr><td>On purge b\u00e9b\u00e9<\/td><td>Cl\u00e9mence Chouilloux<\/td><\/tr><tr><td><strong>Cilea <\/strong><\/td><td><\/td><\/tr><tr><td>Adriana Lecouvreur<\/td><td>La principessa di Bouillon<\/td><\/tr><tr><td><strong>Donizetti <\/strong><\/td><td><\/td><\/tr><tr><td>Lucia di Lammermoor<br>Maria Stuarda<\/td><td>Alisa<br>Anna Kennedy<\/td><\/tr><tr><td><strong>Dukas <\/strong><\/td><td><\/td><\/tr><tr><td>Ariane et Barbe-bleue<\/td><td>S\u00e9lysette <\/td><\/tr><tr><td><strong>Falla <\/strong><\/td><td><\/td><\/tr><tr><td>La vida breve<\/td><td>la Abuela de Salud<\/td><\/tr><tr><td><strong>Faur\u00e9 <\/strong><\/td><td><\/td><\/tr><tr><td>P\u00e9n\u00e9lope <\/td><td>Cl\u00e9one <\/td><\/tr><tr><td><strong>Giordano <\/strong><\/td><td><\/td><\/tr><tr><td>Andrea Ch\u00e9nier<\/td><td>Bersi <\/td><\/tr><tr><td><strong>Gounod <\/strong><\/td><td><\/td><\/tr><tr><td>Faust <\/td><td>Marthe Schwertlein <\/td><\/tr><tr><td><strong>Hersant <\/strong><\/td><td><\/td><\/tr><tr><td>Le Ch\u00e2teau des Carpathes<\/td><td>L&#8217;Aubergiste<\/td><\/tr><tr><td><strong>H\u00e4ndel <\/strong><\/td><td><\/td><\/tr><tr><td>Amadigi di Gaula<\/td><td>Amadigi <\/td><\/tr><tr><td><strong>Jan\u00e1\u010dek <\/strong><\/td><td><\/td><\/tr><tr><td>K\u00e1t&#8217;a Kabanov\u00e1<\/td><td>Varvara <\/td><\/tr><tr><td><strong>Liebermann, R<\/strong><\/td><td><\/td><\/tr><tr><td>L&#8217;\u00e9cole des femmes<\/td><td>Georgette <\/td><\/tr><tr><td><strong>Ligeti <\/strong><\/td><td><\/td><\/tr><tr><td>Le Grand Macabre<\/td><td>Mescalina <\/td><\/tr><tr><td><strong>Menotti <\/strong><\/td><td><\/td><\/tr><tr><td>Maria Golov\u00edn<\/td><td>\u00c1gata <\/td><\/tr><tr><td><strong>Mozart <\/strong><\/td><td><\/td><\/tr><tr><td>Cos\u00ec fan tutte<br>Die Zauberfl\u00f6te<br>Le nozze di Figaro<br>Requiem, K. 626<\/td><td>Dorabella <br><br>Marcellina<br><\/td><\/tr><tr><td>Offenbach <\/td><td><\/td><\/tr><tr><td>Les contes d&#8217;Hoffmann<br>Orph\u00e9e aux enfers<\/td><td>La voix de la m\u00e8re\/La voix de la tombe<br>L&#8217;Opinion Publique<\/td><\/tr><tr><td>Poulenc <\/td><td><\/td><\/tr><tr><td>Dialogues des Carm\u00e9lites<br><br>Les chemins de l&#8217;amour<\/td><td>Madame de Croissy<br>S\u0153ur Mathilde <br>Mezzo-soprano<\/td><\/tr><tr><td>Puccini <\/td><td><\/td><\/tr><tr><td>La rondine <\/td><td>Suzy<\/td><\/tr><tr><td>Ravel <\/td><td><\/td><\/tr><tr><td>L&#8217;Enfant et les sortil\u00e8ges<\/td><td>La M\u00e8re\/Tasse Chinsoise, Libellule <\/td><\/tr><tr><td>Reverdy <\/td><td><\/td><\/tr><tr><td>M\u00e9d\u00e9e <\/td><td>Agam\u00e8de <\/td><\/tr><tr><td>Rossini <\/td><td><\/td><\/tr><tr><td>Il barbiere di Siviglia <br><br>Il signor Bruschino<br>L&#8217;occasione fa il ladro<br>La Cenerentola<br>La gazza ladra<br>Le comte Ory<br>Tancredi <\/td><td>Rosina<br>Berta <br>Marianna <br>Ernestina <br>Tisbe <br>Lucia <br>Dame Ragonde<br>Isaura <\/td><\/tr><tr><td>Sauguet <\/td><td><\/td><\/tr><tr><td>La Chartreuse de Parme <\/td><td>Th\u00e9odolinde <\/td><\/tr><tr><td>Strauss <\/td><td><\/td><\/tr><tr><td>Der Rosenkavalier<\/td><td>Annina <\/td><\/tr><tr><td>Tchaikovsky, P. I.<\/td><td><\/td><\/tr><tr><td>Yevgeny Onegin <br><\/td><td>Olga <br>Filippyevna <\/td><\/tr><tr><td>Thomas <\/td><td><\/td><\/tr><tr><td>Hamlet <\/td><td>La Reine Gertrude<\/td><\/tr><tr><td>Verdi <\/td><td><\/td><\/tr><tr><td>La traviata <br>Macbeth <br>Oberto, Conte di San Bonifacio<br>Otello<br>Rigoletto <\/td><td>Flora Bervoix <br>Dama di Lady Macbeth<br>Imelda<br>Emilia <br>Maddalena <\/td><\/tr><tr><td>Wagner, Richard<\/td><td><\/td><\/tr><tr><td>Die Walk\u00fcre <\/td><td>Siegrune <\/td><\/tr><\/tbody><\/table><figcaption class=\"wp-element-caption\">   <\/figcaption><\/figure>\n","protected":false},"excerpt":{"rendered":"<p>Composer &amp; Work Role Bellini The PuritansNorma Enrichetta di FranciaClotilde Bizet Carmen Merc\u00e9d\u00e8sCarmen Boesmans On purge b\u00e9b\u00e9 Cl\u00e9mence Chouilloux Cilea Adriana Lecouvreur La principessa di Bouillon Donizetti Lucia di LammermoorMaria Stuarda AlisaAnna Kennedy Dukas Ariane et Barbe-bleue S\u00e9lysette Falla La vida breve la Abuela de Salud Faur\u00e9 P\u00e9n\u00e9lope Cl\u00e9one Giordano Andrea Ch\u00e9nier Bersi Gounod Faust [&hellip;]<\/p>\n","protected":false},"author":2,"featured_media":0,"parent":0,"menu_order":0,"comment_status":"closed","ping_status":"closed","template":"","meta":{"footnotes":""},"class_list":["post-133","page","type-page","status-publish","hentry","entry"],"_links":{"self":[{"href":"https:\/\/sophie-pondjiclis.com\/index.php\/wp-json\/wp\/v2\/pages\/133","targetHints":{"allow":["GET"]}}],"collection":[{"href":"https:\/\/sophie-pondjiclis.com\/index.php\/wp-json\/wp\/v2\/pages"}],"about":[{"href":"https:\/\/sophie-pondjiclis.com\/index.php\/wp-json\/wp\/v2\/types\/page"}],"author":[{"embeddable":true,"href":"https:\/\/sophie-pondjiclis.com\/index.php\/wp-json\/wp\/v2\/users\/2"}],"replies":[{"embeddable":true,"href":"https:\/\/sophie-pondjiclis.com\/index.php\/wp-json\/wp\/v2\/comments?post=133"}],"version-history":[{"count":8,"href":"https:\/\/sophie-pondjiclis.com\/index.php\/wp-json\/wp\/v2\/pages\/133\/revisions"}],"predecessor-version":[{"id":144,"href":"https:\/\/sophie-pondjiclis.com\/index.php\/wp-json\/wp\/v2\/pages\/133\/revisions\/144"}],"wp:attachment":[{"href":"https:\/\/sophie-pondjiclis.com\/index.php\/wp-json\/wp\/v2\/media?parent=133"}],"curies":[{"name":"wp","href":"https:\/\/api.w.org\/{rel}","templated":true}]}}